{"id":1802,"date":"2024-02-20T16:48:23","date_gmt":"2024-02-21T00:18:23","guid":{"rendered":"https:\/\/academia.perfectenglish.in\/?page_id=1802"},"modified":"2024-03-08T21:03:07","modified_gmt":"2024-03-09T04:33:07","slug":"actividades-2","status":"publish","type":"page","link":"https:\/\/academia.perfectenglish.in\/index.php\/actividades-2\/","title":{"rendered":"Actividades"},"content":{"rendered":"\n<div class=\"wp-block-group alignfull has-background-color has-white-color has-text-color has-background has-link-color wp-elements-0eef366e327b600d3bafcd9b2239b786 is-layout-constrained wp-block-group-is-layout-constrained\" style=\"background-color:#16072e;padding-top:var(--wp--preset--spacing--30);padding-right:var(--wp--preset--spacing--30);padding-bottom:var(--wp--preset--spacing--30);padding-left:var(--wp--preset--spacing--30)\">\n<div class=\"wp-block-group alignwide has-ast-global-color-5-color has-text-color has-background has-link-color wp-elements-06f6e66905bdb229da2ccc44c5052fd8 is-content-justification-space-between is-layout-flex wp-container-core-group-layout-2 wp-block-group-is-layout-flex\" style=\"background-color:#16072e\">\n<div class=\"wp-block-group is-layout-flex wp-block-group-is-layout-flex\"><div class=\"is-default-size wp-block-site-logo\"><a href=\"https:\/\/academia.perfectenglish.in\/\" class=\"custom-logo-link\" rel=\"home\"><img fetchpriority=\"high\" decoding=\"async\" width=\"1694\" height=\"1698\" src=\"https:\/\/academia.perfectenglish.in\/wp-content\/uploads\/2023\/12\/cropped-cropped-cropped-cropped-Logo-blanco-con-circulo-transparente-1-1-154x154.png\" class=\"custom-logo\" alt=\"\" srcset=\"https:\/\/academia.perfectenglish.in\/wp-content\/uploads\/2023\/12\/cropped-cropped-cropped-cropped-Logo-blanco-con-circulo-transparente-1-1.png 1694w, https:\/\/academia.perfectenglish.in\/wp-content\/uploads\/2023\/12\/cropped-cropped-cropped-cropped-Logo-blanco-con-circulo-transparente-1-1-300x300.png 300w, https:\/\/academia.perfectenglish.in\/wp-content\/uploads\/2023\/12\/cropped-cropped-cropped-cropped-Logo-blanco-con-circulo-transparente-1-1-1022x1024.png 1022w, https:\/\/academia.perfectenglish.in\/wp-content\/uploads\/2023\/12\/cropped-cropped-cropped-cropped-Logo-blanco-con-circulo-transparente-1-1-150x150.png 150w, https:\/\/academia.perfectenglish.in\/wp-content\/uploads\/2023\/12\/cropped-cropped-cropped-cropped-Logo-blanco-con-circulo-transparente-1-1-768x770.png 768w, https:\/\/academia.perfectenglish.in\/wp-content\/uploads\/2023\/12\/cropped-cropped-cropped-cropped-Logo-blanco-con-circulo-transparente-1-1-1532x1536.png 1532w, https:\/\/academia.perfectenglish.in\/wp-content\/uploads\/2023\/12\/cropped-cropped-cropped-cropped-Logo-blanco-con-circulo-transparente-1-1-154x154.png 154w\" sizes=\"(max-width: 1694px) 100vw, 1694px\" \/><\/a><\/div><\/div>\n\n\n<nav class=\"is-responsive items-justified-right wp-block-navigation is-content-justification-right is-layout-flex wp-container-core-navigation-layout-1 wp-block-navigation-is-layout-flex\" aria-label=\"Navigation\" \n\t\t\tdata-wp-interactive\n\t\t\tdata-wp-context='{\"core\":{\"navigation\":{\"overlayOpenedBy\":[],\"type\":\"overlay\",\"roleAttribute\":\"\",\"ariaLabel\":\"Men\\u00fa\"}}}'\n\t\t><button aria-haspopup=\"true\" aria-label=\"Abrir el men\u00fa\" class=\"wp-block-navigation__responsive-container-open \" \n\t\t\tdata-wp-on--click=\"actions.core.navigation.openMenuOnClick\"\n\t\t\tdata-wp-on--keydown=\"actions.core.navigation.handleMenuKeydown\"\n\t\t><svg width=\"24\" height=\"24\" xmlns=\"http:\/\/www.w3.org\/2000\/svg\" viewBox=\"0 0 24 24\" aria-hidden=\"true\" focusable=\"false\"><rect x=\"4\" y=\"7.5\" width=\"16\" height=\"1.5\" \/><rect x=\"4\" y=\"15\" width=\"16\" height=\"1.5\" \/><\/svg><\/button>\n\t\t\t<div class=\"wp-block-navigation__responsive-container  \" style=\"\" id=\"modal-1\" \n\t\t\tdata-wp-class--has-modal-open=\"selectors.core.navigation.isMenuOpen\"\n\t\t\tdata-wp-class--is-menu-open=\"selectors.core.navigation.isMenuOpen\"\n\t\t\tdata-wp-effect=\"effects.core.navigation.initMenu\"\n\t\t\tdata-wp-on--keydown=\"actions.core.navigation.handleMenuKeydown\"\n\t\t\tdata-wp-on--focusout=\"actions.core.navigation.handleMenuFocusout\"\n\t\t\ttabindex=\"-1\"\n\t\t>\n\t\t\t\t<div class=\"wp-block-navigation__responsive-close\" tabindex=\"-1\">\n\t\t\t\t\t<div class=\"wp-block-navigation__responsive-dialog\" \n\t\t\tdata-wp-bind--aria-modal=\"selectors.core.navigation.ariaModal\"\n\t\t\tdata-wp-bind--aria-label=\"selectors.core.navigation.ariaLabel\"\n\t\t\tdata-wp-bind--role=\"selectors.core.navigation.roleAttribute\"\n\t\t\tdata-wp-effect=\"effects.core.navigation.focusFirstElement\"\n\t\t>\n\t\t\t\t\t\t\t<button aria-label=\"Cerrar el men\u00fa\" class=\"wp-block-navigation__responsive-container-close\" \n\t\t\tdata-wp-on--click=\"actions.core.navigation.closeMenuOnClick\"\n\t\t><svg xmlns=\"http:\/\/www.w3.org\/2000\/svg\" viewBox=\"0 0 24 24\" width=\"24\" height=\"24\" aria-hidden=\"true\" focusable=\"false\"><path d=\"M13 11.8l6.1-6.3-1-1-6.1 6.2-6.1-6.2-1 1 6.1 6.3-6.5 6.7 1 1 6.5-6.6 6.5 6.6 1-1z\"><\/path><\/svg><\/button>\n\t\t\t\t\t\t<div class=\"wp-block-navigation__responsive-container-content\" id=\"modal-1-content\">\n\t\t\t\t\t\t\t<ul class=\"wp-block-navigation__container is-responsive items-justified-right wp-block-navigation\"><li class=\" wp-block-navigation-item wp-block-navigation-link\"><a class=\"wp-block-navigation-item__content\"  href=\"https:\/\/academia.perfectenglish.in\/\"><span class=\"wp-block-navigation-item__label\"><strong>Inicio<\/strong><\/span><\/a><\/li><li class=\" wp-block-navigation-item wp-block-navigation-link\"><a class=\"wp-block-navigation-item__content\"  href=\"https:\/\/academia.perfectenglish.in\/index.php\/actividades-2\/\"><span class=\"wp-block-navigation-item__label\"><strong>Actividades<\/strong><\/span><\/a><\/li><li class=\" wp-block-navigation-item wp-block-navigation-link\"><a class=\"wp-block-navigation-item__content\"  href=\"https:\/\/academia.perfectenglish.in\/index.php\/test-de-nivel\/\"><span class=\"wp-block-navigation-item__label\"><strong>Test de Nivel<\/strong><\/span><\/a><\/li><\/ul>\n\t\t\t\t\t\t<\/div>\n\t\t\t\t\t<\/div>\n\t\t\t\t<\/div>\n\t\t\t<\/div><\/nav><\/div>\n<\/div>\n\n\n\n<div class=\"wp-block-uagb-container uagb-block-34436526 alignfull uagb-is-root-container\"><div class=\"uagb-container-inner-blocks-wrap\">\n<div class=\"wp-block-uagb-advanced-heading uagb-block-333503ad\"><h2 class=\"uagb-heading-text\">Actividades Gratis<\/h2><\/div>\n\n\n\n<p><strong>\u00a1Bienvenido\/a a nuestra secci\u00f3n de ejercicios de ingl\u00e9s! En este espacio, te ofrecemos una oportunidad emocionante para mejorar tus habilidades ling\u00fc\u00edsticas en ingl\u00e9s de una manera interactiva y divertida. \u00a1Explor\u00e1 nuestros ejercicios y comenz\u00e1 tu viaje hacia la fluidez en ingl\u00e9s hoy mismo!<\/strong><\/p>\n<\/div><\/div>\n\n\n\n<div class=\"wp-block-uagb-container uagb-block-54f4d669 alignfull uagb-is-root-container\"><div class=\"uagb-container-inner-blocks-wrap\">\n<div class=\"wp-block-uagb-container uagb-block-dc3916a1\">\n<div class=\"wp-block-uagb-buttons uagb-buttons__outer-wrap uagb-btn__default-btn uagb-btn-tablet__default-btn uagb-btn-mobile__default-btn uagb-block-5f9b7fcd\"><div class=\"uagb-buttons__wrap uagb-buttons-layout-wrap\">\n<div class=\"wp-block-uagb-buttons-child uagb-buttons__outer-wrap uagb-block-ef071f8e wp-block-button\"><div class=\"uagb-button__wrapper\"><a class=\"uagb-buttons-repeater wp-block-button__link\" aria-label=\"\" href=\"https:\/\/academia.perfectenglish.in\/index.php\/actividades\/\" rel=\"follow noopener\" target=\"_self\"><div class=\"uagb-button__link\">The House (La Casa)<\/div><\/a><\/div><\/div>\n<\/div><\/div>\n<\/div>\n\n\n\n<div class=\"wp-block-uagb-container uagb-block-4ae47161\">\n<div class=\"wp-block-uagb-buttons uagb-buttons__outer-wrap uagb-btn__default-btn uagb-btn-tablet__default-btn uagb-btn-mobile__default-btn uagb-block-9201af6c\"><div class=\"uagb-buttons__wrap uagb-buttons-layout-wrap\">\n<div class=\"wp-block-uagb-buttons-child uagb-buttons__outer-wrap uagb-block-73060c61 wp-block-button\"><div class=\"uagb-button__wrapper\"><a class=\"uagb-buttons-repeater wp-block-button__link\" aria-label=\"\" href=\"https:\/\/academia.perfectenglish.in\/index.php\/days-of-the-week-vocabulary\/\" rel=\"follow noopener\" target=\"_self\"><div class=\"uagb-button__link\">Days of the Week (D\u00edas de la semana)<\/div><\/a><\/div><\/div>\n<\/div><\/div>\n<\/div>\n\n\n\n<div class=\"wp-block-uagb-container uagb-block-14d444db\">\n<div class=\"wp-block-uagb-buttons uagb-buttons__outer-wrap uagb-btn__default-btn uagb-btn-tablet__default-btn uagb-btn-mobile__default-btn uagb-block-a12ee650\"><div class=\"uagb-buttons__wrap uagb-buttons-layout-wrap\">\n<div class=\"wp-block-uagb-buttons-child uagb-buttons__outer-wrap uagb-block-4c80d736 wp-block-button\"><div class=\"uagb-button__wrapper\"><a class=\"uagb-buttons-repeater wp-block-button__link\" aria-label=\"\" href=\"https:\/\/academia.perfectenglish.in\/index.php\/cardinal-numbers-vocabulary\/\" rel=\"follow noopener\" target=\"_self\"><div class=\"uagb-button__link\">Numbers (N\u00fameros) <\/div><\/a><\/div><\/div>\n<\/div><\/div>\n<\/div>\n\n\n\n<div class=\"wp-block-uagb-container uagb-block-855619f9\">\n<div class=\"wp-block-uagb-buttons uagb-buttons__outer-wrap uagb-btn__default-btn uagb-btn-tablet__default-btn uagb-btn-mobile__default-btn uagb-block-b64bbd8b\"><div class=\"uagb-buttons__wrap uagb-buttons-layout-wrap\">\n<div class=\"wp-block-uagb-buttons-child uagb-buttons__outer-wrap uagb-block-27b085d7 wp-block-button\"><div class=\"uagb-button__wrapper\"><a class=\"uagb-buttons-repeater wp-block-button__link\" aria-label=\"\" href=\"\/\/academia.perfectenglish.in\/index.php\/present-simple\/\" rel=\"follow noopener\" target=\"_self\"><div class=\"uagb-button__link\">The Present Simple (El Presente Simple)<\/div><\/a><\/div><\/div>\n<\/div><\/div>\n<\/div>\n\n\n\n<div class=\"wp-block-uagb-container uagb-block-e05305f2\">\n<div class=\"wp-block-uagb-buttons uagb-buttons__outer-wrap uagb-btn__default-btn uagb-btn-tablet__default-btn uagb-btn-mobile__default-btn uagb-block-bb7c2d96\"><div class=\"uagb-buttons__wrap uagb-buttons-layout-wrap\">\n<div class=\"wp-block-uagb-buttons-child uagb-buttons__outer-wrap uagb-block-9be0ff51 wp-block-button\"><div class=\"uagb-button__wrapper\"><a class=\"uagb-buttons-repeater wp-block-button__link\" aria-label=\"\" href=\"\/\/academia.perfectenglish.in\/index.php\/verb-to-be\/\" rel=\"follow noopener\" target=\"_self\"><div class=\"uagb-button__link\">The verb &#8220;to be&#8221; (El verbo ser\/estar)<\/div><\/a><\/div><\/div>\n<\/div><\/div>\n<\/div>\n\n\n\n<div class=\"wp-block-uagb-container uagb-block-f6e827cb\">\n<div class=\"wp-block-uagb-buttons uagb-buttons__outer-wrap uagb-btn__default-btn uagb-btn-tablet__default-btn uagb-btn-mobile__default-btn uagb-block-19625604\"><div class=\"uagb-buttons__wrap uagb-buttons-layout-wrap\">\n<div class=\"wp-block-uagb-buttons-child uagb-buttons__outer-wrap uagb-block-52e6b6b9 wp-block-button\"><div class=\"uagb-button__wrapper\"><a class=\"uagb-buttons-repeater wp-block-button__link\" aria-label=\"\" href=\"\/\/academia.perfectenglish.in\/index.php\/present-continuous\/\" rel=\"follow noopener\" target=\"_self\"><div class=\"uagb-button__link\">The Present Continuous (El presente continuo)<\/div><\/a><\/div><\/div>\n<\/div><\/div>\n<\/div>\n<\/div><\/div>\n","protected":false},"excerpt":{"rendered":"<p>Actividades Gratis \u00a1Bienvenido\/a a nuestra secci\u00f3n de ejercicios de ingl\u00e9s! En este espacio, te ofrecemos una oportunidad emocionante para mejorar tus habilidades ling\u00fc\u00edsticas en ingl\u00e9s de una manera interactiva y divertida. \u00a1Explor\u00e1 nuestros ejercicios y comenz\u00e1 tu viaje hacia la fluidez en ingl\u00e9s hoy mismo!<\/p>\n","protected":false},"author":1,"featured_media":0,"parent":0,"menu_order":0,"comment_status":"closed","ping_status":"closed","template":"","meta":{"_uag_custom_page_level_css":"","site-sidebar-layout":"default","site-content-layout":"","ast-site-content-layout":"normal-width-container","site-content-style":"default","site-sidebar-style":"default","ast-global-header-display":"","ast-banner-title-visibility":"","ast-main-header-display":"","ast-hfb-above-header-display":"","ast-hfb-below-header-display":"","ast-hfb-mobile-header-display":"","site-post-title":"disabled","ast-breadcrumbs-content":"","ast-featured-img":"","footer-sml-layout":"","theme-transparent-header-meta":"","adv-header-id-meta":"","stick-header-meta":"","header-above-stick-meta":"","header-main-stick-meta":"","header-below-stick-meta":"","astra-migrate-meta-layouts":"set","ast-page-background-enabled":"default","ast-page-background-meta":{"desktop":{"background-color":"var(--ast-global-color-4)","background-image":"","background-repeat":"repeat","background-position":"center center","background-size":"auto","background-attachment":"scroll","background-type":"","background-media":"","overlay-type":"","overlay-color":"","overlay-gradient":""},"tablet":{"background-color":"","background-image":"","background-repeat":"repeat","background-position":"center center","background-size":"auto","background-attachment":"scroll","background-type":"","background-media":"","overlay-type":"","overlay-color":"","overlay-gradient":""},"mobile":{"background-color":"","background-image":"","background-repeat":"repeat","background-position":"center center","background-size":"auto","background-attachment":"scroll","background-type":"","background-media":"","overlay-type":"","overlay-color":"","overlay-gradient":""}},"ast-content-background-meta":{"desktop":{"background-color":"var(--ast-global-color-5)","background-image":"","background-repeat":"repeat","background-position":"center center","background-size":"auto","background-attachment":"scroll","background-type":"","background-media":"","overlay-type":"","overlay-color":"","overlay-gradient":""},"tablet":{"background-color":"var(--ast-global-color-5)","background-image":"","background-repeat":"repeat","background-position":"center center","background-size":"auto","background-attachment":"scroll","background-type":"","background-media":"","overlay-type":"","overlay-color":"","overlay-gradient":""},"mobile":{"background-color":"var(--ast-global-color-5)","background-image":"","background-repeat":"repeat","background-position":"center center","background-size":"auto","background-attachment":"scroll","background-type":"","background-media":"","overlay-type":"","overlay-color":"","overlay-gradient":""}},"footnotes":"","_glsr_average":0,"_glsr_ranking":0,"_glsr_reviews":0},"uagb_featured_image_src":{"full":false,"thumbnail":false,"medium":false,"medium_large":false,"large":false,"1536x1536":false,"2048x2048":false},"uagb_author_info":{"display_name":"javier_riveros","author_link":"https:\/\/academia.perfectenglish.in\/index.php\/author\/javier_riveros\/"},"uagb_comment_info":0,"uagb_excerpt":"Actividades Gratis \u00a1Bienvenido\/a a nuestra secci\u00f3n de ejercicios de ingl\u00e9s! En este espacio, te ofrecemos una oportunidad emocionante para mejorar tus habilidades ling\u00fc\u00edsticas en ingl\u00e9s de una manera interactiva y divertida. \u00a1Explor\u00e1 nuestros ejercicios y comenz\u00e1 tu viaje hacia la fluidez en ingl\u00e9s hoy mismo!","_links":{"self":[{"href":"https:\/\/academia.perfectenglish.in\/index.php\/wp-json\/wp\/v2\/pages\/1802"}],"collection":[{"href":"https:\/\/academia.perfectenglish.in\/index.php\/wp-json\/wp\/v2\/pages"}],"about":[{"href":"https:\/\/academia.perfectenglish.in\/index.php\/wp-json\/wp\/v2\/types\/page"}],"author":[{"embeddable":true,"href":"https:\/\/academia.perfectenglish.in\/index.php\/wp-json\/wp\/v2\/users\/1"}],"replies":[{"embeddable":true,"href":"https:\/\/academia.perfectenglish.in\/index.php\/wp-json\/wp\/v2\/comments?post=1802"}],"version-history":[{"count":11,"href":"https:\/\/academia.perfectenglish.in\/index.php\/wp-json\/wp\/v2\/pages\/1802\/revisions"}],"predecessor-version":[{"id":1904,"href":"https:\/\/academia.perfectenglish.in\/index.php\/wp-json\/wp\/v2\/pages\/1802\/revisions\/1904"}],"wp:attachment":[{"href":"https:\/\/academia.perfectenglish.in\/index.php\/wp-json\/wp\/v2\/media?parent=1802"}],"curies":[{"name":"wp","href":"https:\/\/api.w.org\/{rel}","templated":true}]}}