{"id":1882,"date":"2024-02-24T15:24:58","date_gmt":"2024-02-24T22:54:58","guid":{"rendered":"https:\/\/academia.perfectenglish.in\/?page_id=1882"},"modified":"2024-02-28T12:35:36","modified_gmt":"2024-02-28T20:05:36","slug":"present-simple","status":"publish","type":"page","link":"https:\/\/academia.perfectenglish.in\/index.php\/present-simple\/","title":{"rendered":"Present Simple"},"content":{"rendered":"\n<div class=\"wp-block-group alignfull has-background-color has-white-color has-text-color has-background has-link-color wp-elements-b49a9cb68eb9b0fc7e9a5c2184011144 is-layout-constrained wp-block-group-is-layout-constrained\" style=\"background-color:#16072e;padding-top:var(--wp--preset--spacing--30);padding-right:var(--wp--preset--spacing--30);padding-bottom:var(--wp--preset--spacing--30);padding-left:var(--wp--preset--spacing--30)\">\n<div class=\"wp-block-group alignwide is-content-justification-space-between is-layout-flex wp-container-core-group-layout-2 wp-block-group-is-layout-flex\">\n<div class=\"wp-block-group is-layout-flex wp-block-group-is-layout-flex\"><div class=\"is-default-size wp-block-site-logo\"><a href=\"https:\/\/academia.perfectenglish.in\/\" class=\"custom-logo-link\" rel=\"home\"><img fetchpriority=\"high\" decoding=\"async\" width=\"1694\" height=\"1698\" src=\"https:\/\/academia.perfectenglish.in\/wp-content\/uploads\/2023\/12\/cropped-cropped-cropped-cropped-Logo-blanco-con-circulo-transparente-1-1-154x154.png\" class=\"custom-logo\" alt=\"\" srcset=\"https:\/\/academia.perfectenglish.in\/wp-content\/uploads\/2023\/12\/cropped-cropped-cropped-cropped-Logo-blanco-con-circulo-transparente-1-1.png 1694w, https:\/\/academia.perfectenglish.in\/wp-content\/uploads\/2023\/12\/cropped-cropped-cropped-cropped-Logo-blanco-con-circulo-transparente-1-1-300x300.png 300w, https:\/\/academia.perfectenglish.in\/wp-content\/uploads\/2023\/12\/cropped-cropped-cropped-cropped-Logo-blanco-con-circulo-transparente-1-1-1022x1024.png 1022w, https:\/\/academia.perfectenglish.in\/wp-content\/uploads\/2023\/12\/cropped-cropped-cropped-cropped-Logo-blanco-con-circulo-transparente-1-1-150x150.png 150w, https:\/\/academia.perfectenglish.in\/wp-content\/uploads\/2023\/12\/cropped-cropped-cropped-cropped-Logo-blanco-con-circulo-transparente-1-1-768x770.png 768w, https:\/\/academia.perfectenglish.in\/wp-content\/uploads\/2023\/12\/cropped-cropped-cropped-cropped-Logo-blanco-con-circulo-transparente-1-1-1532x1536.png 1532w, https:\/\/academia.perfectenglish.in\/wp-content\/uploads\/2023\/12\/cropped-cropped-cropped-cropped-Logo-blanco-con-circulo-transparente-1-1-154x154.png 154w\" sizes=\"(max-width: 1694px) 100vw, 1694px\" \/><\/a><\/div><\/div>\n\n\n<nav class=\"is-responsive items-justified-right wp-block-navigation is-content-justification-right is-layout-flex wp-container-core-navigation-layout-1 wp-block-navigation-is-layout-flex\" aria-label=\"Navigation\" \n\t\t\tdata-wp-interactive\n\t\t\tdata-wp-context='{\"core\":{\"navigation\":{\"overlayOpenedBy\":[],\"type\":\"overlay\",\"roleAttribute\":\"\",\"ariaLabel\":\"Men\\u00fa\"}}}'\n\t\t><button aria-haspopup=\"true\" aria-label=\"Abrir el men\u00fa\" class=\"wp-block-navigation__responsive-container-open \" \n\t\t\tdata-wp-on--click=\"actions.core.navigation.openMenuOnClick\"\n\t\t\tdata-wp-on--keydown=\"actions.core.navigation.handleMenuKeydown\"\n\t\t><svg width=\"24\" height=\"24\" xmlns=\"http:\/\/www.w3.org\/2000\/svg\" viewBox=\"0 0 24 24\" aria-hidden=\"true\" focusable=\"false\"><rect x=\"4\" y=\"7.5\" width=\"16\" height=\"1.5\" \/><rect x=\"4\" y=\"15\" width=\"16\" height=\"1.5\" \/><\/svg><\/button>\n\t\t\t<div class=\"wp-block-navigation__responsive-container  \" style=\"\" id=\"modal-1\" \n\t\t\tdata-wp-class--has-modal-open=\"selectors.core.navigation.isMenuOpen\"\n\t\t\tdata-wp-class--is-menu-open=\"selectors.core.navigation.isMenuOpen\"\n\t\t\tdata-wp-effect=\"effects.core.navigation.initMenu\"\n\t\t\tdata-wp-on--keydown=\"actions.core.navigation.handleMenuKeydown\"\n\t\t\tdata-wp-on--focusout=\"actions.core.navigation.handleMenuFocusout\"\n\t\t\ttabindex=\"-1\"\n\t\t>\n\t\t\t\t<div class=\"wp-block-navigation__responsive-close\" tabindex=\"-1\">\n\t\t\t\t\t<div class=\"wp-block-navigation__responsive-dialog\" \n\t\t\tdata-wp-bind--aria-modal=\"selectors.core.navigation.ariaModal\"\n\t\t\tdata-wp-bind--aria-label=\"selectors.core.navigation.ariaLabel\"\n\t\t\tdata-wp-bind--role=\"selectors.core.navigation.roleAttribute\"\n\t\t\tdata-wp-effect=\"effects.core.navigation.focusFirstElement\"\n\t\t>\n\t\t\t\t\t\t\t<button aria-label=\"Cerrar el men\u00fa\" class=\"wp-block-navigation__responsive-container-close\" \n\t\t\tdata-wp-on--click=\"actions.core.navigation.closeMenuOnClick\"\n\t\t><svg xmlns=\"http:\/\/www.w3.org\/2000\/svg\" viewBox=\"0 0 24 24\" width=\"24\" height=\"24\" aria-hidden=\"true\" focusable=\"false\"><path d=\"M13 11.8l6.1-6.3-1-1-6.1 6.2-6.1-6.2-1 1 6.1 6.3-6.5 6.7 1 1 6.5-6.6 6.5 6.6 1-1z\"><\/path><\/svg><\/button>\n\t\t\t\t\t\t<div class=\"wp-block-navigation__responsive-container-content\" id=\"modal-1-content\">\n\t\t\t\t\t\t\t<ul class=\"wp-block-navigation__container is-responsive items-justified-right wp-block-navigation\"><li class=\" wp-block-navigation-item wp-block-navigation-link\"><a class=\"wp-block-navigation-item__content\"  href=\"https:\/\/academia.perfectenglish.in\/\"><span class=\"wp-block-navigation-item__label\"><strong>Inicio<\/strong><\/span><\/a><\/li><li class=\" wp-block-navigation-item wp-block-navigation-link\"><a class=\"wp-block-navigation-item__content\"  href=\"https:\/\/academia.perfectenglish.in\/index.php\/actividades-2\/\"><span class=\"wp-block-navigation-item__label\"><strong>Actividades<\/strong><\/span><\/a><\/li><li class=\" wp-block-navigation-item wp-block-navigation-link\"><a class=\"wp-block-navigation-item__content\"  href=\"https:\/\/academia.perfectenglish.in\/index.php\/test-de-nivel\/\"><span class=\"wp-block-navigation-item__label\"><strong>Test de Nivel<\/strong><\/span><\/a><\/li><\/ul>\n\t\t\t\t\t\t<\/div>\n\t\t\t\t\t<\/div>\n\t\t\t\t<\/div>\n\t\t\t<\/div><\/nav><\/div>\n<\/div>\n\n\n\n<div class=\"wp-block-uagb-advanced-heading uagb-block-108b4b5b\"><h2 class=\"uagb-heading-text\">The Present Simple<\/h2><\/div>\n\n\n\n<p>El presente simple es un tiempo verbal fundamental en ingl\u00e9s que se utiliza para expresar acciones habituales, verdades generales, horarios, y m\u00e1s. En este art\u00edculo, exploraremos tanto su uso como su estructura para que puedas comprender y utilizar este tiempo verbal con confianza.<\/p>\n\n\n\n<figure class=\"wp-block-embed is-type-video is-provider-youtube wp-block-embed-youtube wp-embed-aspect-16-9 wp-has-aspect-ratio\"><div class=\"wp-block-embed__wrapper\">\n<div class=\"ast-oembed-container \" style=\"height: 100%;\"><iframe title=\"INGL\u00c9S B\u00c1SICO - PRESENT SIMPLE (USOS Y ESTRUCTURA)\" width=\"500\" height=\"281\" src=\"https:\/\/www.youtube.com\/embed\/WLj1i1WxhdM?feature=oembed\" frameborder=\"0\" allow=\"accelerometer; autoplay; clipboard-write; encrypted-media; gyroscope; picture-in-picture; web-share\" allowfullscreen><\/iframe><\/div>\n<\/div><\/figure>\n\n\n\n<p><strong>Uso del Presente Simple:<\/strong><\/p>\n\n\n\n<ol>\n<li><strong>H\u00e1bitos y Rutinas:<\/strong> El presente simple se usa para hablar sobre acciones habituales o rutinas. Por ejemplo: &#8220;I go to the gym every morning&#8221; (Voy al gimnasio todas las ma\u00f1anas).<\/li>\n\n\n\n<li><strong>Verdades Generales:<\/strong> Se utiliza para expresar verdades generales aceptadas universalmente. Por ejemplo: &#8220;The sun rises in the east&#8221; (El sol sale por el este).<\/li>\n\n\n\n<li><strong>Tramas de Pel\u00edculas, Series o Libros:<\/strong> Cuando se describe la trama de una obra de ficci\u00f3n, se utiliza el presente simple. Por ejemplo: &#8220;The main character falls in love with a girl&#8221; (El personaje principal se enamora de una chica).<\/li>\n\n\n\n<li><strong>Horarios y Programas:<\/strong> Para hablar sobre horarios y programas, como transportes p\u00fablicos o reuniones. Por ejemplo: &#8220;The train leaves at 6 PM&#8221; (El tren sale a las 6 PM).<\/li>\n<\/ol>\n\n\n\n<p><strong>Estructura del Presente Simple:<\/strong><\/p>\n\n\n\n<p>El presente simple se construye de la siguiente manera:<\/p>\n\n\n\n<p><strong>Forma Afirmativa:<\/strong><\/p>\n\n\n\n<figure class=\"wp-block-table\"><table><thead><tr><th>Sujeto<\/th><th>Verbo (forma base)<\/th><th>Complemento<\/th><\/tr><\/thead><tbody><tr><td>I \/ You \/ We \/ They<\/td><td>like<\/td><td>English.<\/td><\/tr><tr><td>He \/ She \/ It<\/td><td>likes<\/td><td>football.<\/td><\/tr><\/tbody><\/table><\/figure>\n\n\n\n<p><strong>Forma Negativa:<\/strong><\/p>\n\n\n\n<figure class=\"wp-block-table\"><table><thead><tr><th>Sujeto<\/th><th>Auxiliar &#8220;do&#8221; \/ &#8220;does&#8221;<\/th><th>&#8220;Not&#8221;<\/th><th>Verbo (forma base)<\/th><th>Complemento<\/th><\/tr><\/thead><tbody><tr><td>I \/ You \/ We \/ They<\/td><td>do<\/td><td>not<\/td><td>know<\/td><td>you.<\/td><\/tr><tr><td>He \/ She \/ It<\/td><td>does<\/td><td>not<\/td><td>like<\/td><td>coffee.<\/td><\/tr><\/tbody><\/table><\/figure>\n\n\n\n<p><strong>Forma de Pregunta:<\/strong><\/p>\n\n\n\n<figure class=\"wp-block-table\"><table><thead><tr><th>Palabra Interrogativa<\/th><th>Auxiliar &#8220;do&#8221; \/ &#8220;does&#8221;<\/th><th>Sujeto<\/th><th>Verbo (forma base)<\/th><th>Complemento<\/th><\/tr><\/thead><tbody><tr><td>What<\/td><td>do<\/td><td>I \/ you \/ we \/ they<\/td><td>study<\/td><td>English?<\/td><\/tr><tr><td>Where<\/td><td>does<\/td><td>he \/ she \/ it<\/td><td>live?<\/td><td><\/td><\/tr><\/tbody><\/table><\/figure>\n\n\n\n<p>Es importante recordar las reglas de conjugaci\u00f3n para la tercera persona singular (he, she, it):<\/p>\n\n\n\n<ul>\n<li>Se agrega &#8220;s&#8221; al verbo en la forma afirmativa: &#8220;She eats fish&#8221; (Ella come pescado).<\/li>\n\n\n\n<li>Se agrega &#8220;es&#8221; a los verbos que terminan en &#8220;-s&#8221;, &#8220;-x&#8221;, &#8220;-z&#8221;, &#8220;-sh&#8221;, o &#8220;-ch&#8221;: &#8220;He watches TV&#8221; (\u00c9l ve la televisi\u00f3n).<\/li>\n\n\n\n<li>Se agrega &#8220;ies&#8221; a los verbos terminados en &#8220;consonante + y&#8221;: &#8220;She notifies me&#8221; (Ella me notifica).<\/li>\n<\/ul>\n\n\n\n<div class=\"wp-block-uagb-advanced-heading uagb-block-324f2800\"><h2 class=\"uagb-heading-text\">Ejercicio de Pr\u00e1ctica<\/h2><\/div>\n\n\n<p><iframe src=\"https:\/\/academia.perfectenglish.in\/wp-admin\/admin-ajax.php?action=h5p_embed&#038;id=9\" width=\"958\" height=\"1273\" frameborder=\"0\" allowfullscreen=\"allowfullscreen\" title=\"Present Simple\"><\/iframe><script src=\"https:\/\/academia.perfectenglish.in\/wp-content\/plugins\/h5p\/h5p-php-library\/js\/h5p-resizer.js\" charset=\"UTF-8\"><\/script><\/p>\n","protected":false},"excerpt":{"rendered":"<p>The Present Simple El presente simple es un tiempo verbal fundamental en ingl\u00e9s que se utiliza para expresar acciones habituales, verdades generales, horarios, y m\u00e1s. En este art\u00edculo, exploraremos tanto su uso como su estructura para que puedas comprender y utilizar este tiempo verbal con confianza. Uso del Presente Simple: Estructura del Presente Simple: El &hellip;<\/p>\n<p class=\"read-more\"> <a class=\"\" href=\"https:\/\/academia.perfectenglish.in\/index.php\/present-simple\/\"> <span class=\"screen-reader-text\">Present Simple<\/span> Leer m\u00e1s &raquo;<\/a><\/p>\n","protected":false},"author":1,"featured_media":0,"parent":0,"menu_order":0,"comment_status":"closed","ping_status":"closed","template":"","meta":{"_uag_custom_page_level_css":"","site-sidebar-layout":"default","site-content-layout":"","ast-site-content-layout":"default","site-content-style":"default","site-sidebar-style":"default","ast-global-header-display":"","ast-banner-title-visibility":"","ast-main-header-display":"","ast-hfb-above-header-display":"","ast-hfb-below-header-display":"","ast-hfb-mobile-header-display":"","site-post-title":"disabled","ast-breadcrumbs-content":"","ast-featured-img":"","footer-sml-layout":"","theme-transparent-header-meta":"","adv-header-id-meta":"","stick-header-meta":"","header-above-stick-meta":"","header-main-stick-meta":"","header-below-stick-meta":"","astra-migrate-meta-layouts":"set","ast-page-background-enabled":"default","ast-page-background-meta":{"desktop":{"background-color":"var(--ast-global-color-4)","background-image":"","background-repeat":"repeat","background-position":"center center","background-size":"auto","background-attachment":"scroll","background-type":"","background-media":"","overlay-type":"","overlay-color":"","overlay-gradient":""},"tablet":{"background-color":"","background-image":"","background-repeat":"repeat","background-position":"center center","background-size":"auto","background-attachment":"scroll","background-type":"","background-media":"","overlay-type":"","overlay-color":"","overlay-gradient":""},"mobile":{"background-color":"","background-image":"","background-repeat":"repeat","background-position":"center center","background-size":"auto","background-attachment":"scroll","background-type":"","background-media":"","overlay-type":"","overlay-color":"","overlay-gradient":""}},"ast-content-background-meta":{"desktop":{"background-color":"var(--ast-global-color-5)","background-image":"","background-repeat":"repeat","background-position":"center center","background-size":"auto","background-attachment":"scroll","background-type":"","background-media":"","overlay-type":"","overlay-color":"","overlay-gradient":""},"tablet":{"background-color":"var(--ast-global-color-5)","background-image":"","background-repeat":"repeat","background-position":"center center","background-size":"auto","background-attachment":"scroll","background-type":"","background-media":"","overlay-type":"","overlay-color":"","overlay-gradient":""},"mobile":{"background-color":"var(--ast-global-color-5)","background-image":"","background-repeat":"repeat","background-position":"center center","background-size":"auto","background-attachment":"scroll","background-type":"","background-media":"","overlay-type":"","overlay-color":"","overlay-gradient":""}},"footnotes":"","_glsr_average":0,"_glsr_ranking":0,"_glsr_reviews":0},"uagb_featured_image_src":{"full":false,"thumbnail":false,"medium":false,"medium_large":false,"large":false,"1536x1536":false,"2048x2048":false},"uagb_author_info":{"display_name":"javier_riveros","author_link":"https:\/\/academia.perfectenglish.in\/index.php\/author\/javier_riveros\/"},"uagb_comment_info":0,"uagb_excerpt":"The Present Simple El presente simple es un tiempo verbal fundamental en ingl\u00e9s que se utiliza para expresar acciones habituales, verdades generales, horarios, y m\u00e1s. En este art\u00edculo, exploraremos tanto su uso como su estructura para que puedas comprender y utilizar este tiempo verbal con confianza. Uso del Presente Simple: Estructura del Presente Simple: El&hellip;","_links":{"self":[{"href":"https:\/\/academia.perfectenglish.in\/index.php\/wp-json\/wp\/v2\/pages\/1882"}],"collection":[{"href":"https:\/\/academia.perfectenglish.in\/index.php\/wp-json\/wp\/v2\/pages"}],"about":[{"href":"https:\/\/academia.perfectenglish.in\/index.php\/wp-json\/wp\/v2\/types\/page"}],"author":[{"embeddable":true,"href":"https:\/\/academia.perfectenglish.in\/index.php\/wp-json\/wp\/v2\/users\/1"}],"replies":[{"embeddable":true,"href":"https:\/\/academia.perfectenglish.in\/index.php\/wp-json\/wp\/v2\/comments?post=1882"}],"version-history":[{"count":4,"href":"https:\/\/academia.perfectenglish.in\/index.php\/wp-json\/wp\/v2\/pages\/1882\/revisions"}],"predecessor-version":[{"id":1894,"href":"https:\/\/academia.perfectenglish.in\/index.php\/wp-json\/wp\/v2\/pages\/1882\/revisions\/1894"}],"wp:attachment":[{"href":"https:\/\/academia.perfectenglish.in\/index.php\/wp-json\/wp\/v2\/media?parent=1882"}],"curies":[{"name":"wp","href":"https:\/\/api.w.org\/{rel}","templated":true}]}}