{"id":1893,"date":"2024-02-28T17:22:50","date_gmt":"2024-02-29T00:52:50","guid":{"rendered":"https:\/\/academia.perfectenglish.in\/?page_id=1893"},"modified":"2024-02-28T17:22:50","modified_gmt":"2024-02-29T00:52:50","slug":"verb-to-be","status":"publish","type":"page","link":"https:\/\/academia.perfectenglish.in\/index.php\/verb-to-be\/","title":{"rendered":"Verb to be"},"content":{"rendered":"\n<div class=\"wp-block-group alignfull has-background-color has-white-color has-text-color has-background has-link-color wp-elements-b49a9cb68eb9b0fc7e9a5c2184011144 is-layout-constrained wp-block-group-is-layout-constrained\" style=\"background-color:#16072e;padding-top:var(--wp--preset--spacing--30);padding-right:var(--wp--preset--spacing--30);padding-bottom:var(--wp--preset--spacing--30);padding-left:var(--wp--preset--spacing--30)\">\n<div class=\"wp-block-group alignwide is-content-justification-space-between is-layout-flex wp-container-core-group-layout-2 wp-block-group-is-layout-flex\">\n<div class=\"wp-block-group is-layout-flex wp-block-group-is-layout-flex\"><div class=\"is-default-size wp-block-site-logo\"><a href=\"https:\/\/academia.perfectenglish.in\/\" class=\"custom-logo-link\" rel=\"home\"><img fetchpriority=\"high\" decoding=\"async\" width=\"1694\" height=\"1698\" src=\"https:\/\/academia.perfectenglish.in\/wp-content\/uploads\/2023\/12\/cropped-cropped-cropped-cropped-Logo-blanco-con-circulo-transparente-1-1-154x154.png\" class=\"custom-logo\" alt=\"\" srcset=\"https:\/\/academia.perfectenglish.in\/wp-content\/uploads\/2023\/12\/cropped-cropped-cropped-cropped-Logo-blanco-con-circulo-transparente-1-1.png 1694w, https:\/\/academia.perfectenglish.in\/wp-content\/uploads\/2023\/12\/cropped-cropped-cropped-cropped-Logo-blanco-con-circulo-transparente-1-1-300x300.png 300w, https:\/\/academia.perfectenglish.in\/wp-content\/uploads\/2023\/12\/cropped-cropped-cropped-cropped-Logo-blanco-con-circulo-transparente-1-1-1022x1024.png 1022w, https:\/\/academia.perfectenglish.in\/wp-content\/uploads\/2023\/12\/cropped-cropped-cropped-cropped-Logo-blanco-con-circulo-transparente-1-1-150x150.png 150w, https:\/\/academia.perfectenglish.in\/wp-content\/uploads\/2023\/12\/cropped-cropped-cropped-cropped-Logo-blanco-con-circulo-transparente-1-1-768x770.png 768w, https:\/\/academia.perfectenglish.in\/wp-content\/uploads\/2023\/12\/cropped-cropped-cropped-cropped-Logo-blanco-con-circulo-transparente-1-1-1532x1536.png 1532w, https:\/\/academia.perfectenglish.in\/wp-content\/uploads\/2023\/12\/cropped-cropped-cropped-cropped-Logo-blanco-con-circulo-transparente-1-1-154x154.png 154w\" sizes=\"(max-width: 1694px) 100vw, 1694px\" \/><\/a><\/div><\/div>\n\n\n<nav class=\"is-responsive items-justified-right wp-block-navigation is-content-justification-right is-layout-flex wp-container-core-navigation-layout-1 wp-block-navigation-is-layout-flex\" aria-label=\"Navigation\" \n\t\t\tdata-wp-interactive\n\t\t\tdata-wp-context='{\"core\":{\"navigation\":{\"overlayOpenedBy\":[],\"type\":\"overlay\",\"roleAttribute\":\"\",\"ariaLabel\":\"Men\\u00fa\"}}}'\n\t\t><button aria-haspopup=\"true\" aria-label=\"Abrir el men\u00fa\" class=\"wp-block-navigation__responsive-container-open \" \n\t\t\tdata-wp-on--click=\"actions.core.navigation.openMenuOnClick\"\n\t\t\tdata-wp-on--keydown=\"actions.core.navigation.handleMenuKeydown\"\n\t\t><svg width=\"24\" height=\"24\" xmlns=\"http:\/\/www.w3.org\/2000\/svg\" viewBox=\"0 0 24 24\" aria-hidden=\"true\" focusable=\"false\"><rect x=\"4\" y=\"7.5\" width=\"16\" height=\"1.5\" \/><rect x=\"4\" y=\"15\" width=\"16\" height=\"1.5\" \/><\/svg><\/button>\n\t\t\t<div class=\"wp-block-navigation__responsive-container  \" style=\"\" id=\"modal-1\" \n\t\t\tdata-wp-class--has-modal-open=\"selectors.core.navigation.isMenuOpen\"\n\t\t\tdata-wp-class--is-menu-open=\"selectors.core.navigation.isMenuOpen\"\n\t\t\tdata-wp-effect=\"effects.core.navigation.initMenu\"\n\t\t\tdata-wp-on--keydown=\"actions.core.navigation.handleMenuKeydown\"\n\t\t\tdata-wp-on--focusout=\"actions.core.navigation.handleMenuFocusout\"\n\t\t\ttabindex=\"-1\"\n\t\t>\n\t\t\t\t<div class=\"wp-block-navigation__responsive-close\" tabindex=\"-1\">\n\t\t\t\t\t<div class=\"wp-block-navigation__responsive-dialog\" \n\t\t\tdata-wp-bind--aria-modal=\"selectors.core.navigation.ariaModal\"\n\t\t\tdata-wp-bind--aria-label=\"selectors.core.navigation.ariaLabel\"\n\t\t\tdata-wp-bind--role=\"selectors.core.navigation.roleAttribute\"\n\t\t\tdata-wp-effect=\"effects.core.navigation.focusFirstElement\"\n\t\t>\n\t\t\t\t\t\t\t<button aria-label=\"Cerrar el men\u00fa\" class=\"wp-block-navigation__responsive-container-close\" \n\t\t\tdata-wp-on--click=\"actions.core.navigation.closeMenuOnClick\"\n\t\t><svg xmlns=\"http:\/\/www.w3.org\/2000\/svg\" viewBox=\"0 0 24 24\" width=\"24\" height=\"24\" aria-hidden=\"true\" focusable=\"false\"><path d=\"M13 11.8l6.1-6.3-1-1-6.1 6.2-6.1-6.2-1 1 6.1 6.3-6.5 6.7 1 1 6.5-6.6 6.5 6.6 1-1z\"><\/path><\/svg><\/button>\n\t\t\t\t\t\t<div class=\"wp-block-navigation__responsive-container-content\" id=\"modal-1-content\">\n\t\t\t\t\t\t\t<ul class=\"wp-block-navigation__container is-responsive items-justified-right wp-block-navigation\"><li class=\" wp-block-navigation-item wp-block-navigation-link\"><a class=\"wp-block-navigation-item__content\"  href=\"https:\/\/academia.perfectenglish.in\/\"><span class=\"wp-block-navigation-item__label\"><strong>Inicio<\/strong><\/span><\/a><\/li><li class=\" wp-block-navigation-item wp-block-navigation-link\"><a class=\"wp-block-navigation-item__content\"  href=\"https:\/\/academia.perfectenglish.in\/index.php\/actividades-2\/\"><span class=\"wp-block-navigation-item__label\"><strong>Actividades<\/strong><\/span><\/a><\/li><li class=\" wp-block-navigation-item wp-block-navigation-link\"><a class=\"wp-block-navigation-item__content\"  href=\"https:\/\/academia.perfectenglish.in\/index.php\/test-de-nivel\/\"><span class=\"wp-block-navigation-item__label\"><strong>Test de Nivel<\/strong><\/span><\/a><\/li><\/ul>\n\t\t\t\t\t\t<\/div>\n\t\t\t\t\t<\/div>\n\t\t\t\t<\/div>\n\t\t\t<\/div><\/nav><\/div>\n<\/div>\n\n\n\n<div class=\"wp-block-uagb-advanced-heading uagb-block-f641d908\"><h2 class=\"uagb-heading-text\">Verbo To Be (Ser\/Estar)<\/h2><\/div>\n\n\n\n<figure class=\"wp-block-embed is-type-video is-provider-youtube wp-block-embed-youtube wp-embed-aspect-16-9 wp-has-aspect-ratio\"><div class=\"wp-block-embed__wrapper\">\n<div class=\"ast-oembed-container \" style=\"height: 100%;\"><iframe title=\"INGL\u00c9S B\u00c1SICO - VERBO TO BE (SER\/ESTAR)\" width=\"500\" height=\"281\" src=\"https:\/\/www.youtube.com\/embed\/b3cgRthJKfI?feature=oembed\" frameborder=\"0\" allow=\"accelerometer; autoplay; clipboard-write; encrypted-media; gyroscope; picture-in-picture; web-share\" allowfullscreen><\/iframe><\/div>\n<\/div><\/figure>\n\n\n\n<p>El verbo &#8220;to be&#8221; es uno de los verbos m\u00e1s importantes en ingl\u00e9s, ya que tiene m\u00faltiples usos. En espa\u00f1ol, &#8220;to be&#8221; puede traducirse como &#8220;ser&#8221; o &#8220;estar&#8221;, dependiendo del contexto en el que se utilice. Adem\u00e1s, el verbo &#8220;to be&#8221; tiene tres conjugaciones principales en presente simple: am, is y are. Veamos en una tabla su estructura.<\/p>\n\n\n\n<p><strong>Forma Afirmativa:<\/strong><\/p>\n\n\n\n<figure class=\"wp-block-table\"><table><thead><tr><th>Pronombres<\/th><th>Conjugaci\u00f3n Completa<\/th><\/tr><\/thead><tbody><tr><td>I<\/td><td>am<\/td><\/tr><tr><td>He\/She\/It<\/td><td>is<\/td><\/tr><tr><td>You\/We\/They<\/td><td>are<\/td><\/tr><\/tbody><\/table><\/figure>\n\n\n\n<p><strong>Forma Negativa:<\/strong><\/p>\n\n\n\n<figure class=\"wp-block-table\"><table><thead><tr><th>Pronombres<\/th><th>Conjugaci\u00f3n Completa<\/th><\/tr><\/thead><tbody><tr><td>I<\/td><td>am not<\/td><\/tr><tr><td>He\/She\/It<\/td><td>is not<\/td><\/tr><tr><td>You\/We\/They<\/td><td>are not<\/td><\/tr><\/tbody><\/table><figcaption class=\"wp-element-caption\">En la forma interrogativa, debemos invertir el orden. Primero ubicamos el verbo &#8220;to be&#8221; en la conjugaci\u00f3n correcta y luego el pronombre o sujeto de la pregunta, as\u00ed como indica la tabla debajo:<\/figcaption><\/figure>\n\n\n\n<p><strong>Forma Interrogativa:<\/strong><\/p>\n\n\n\n<figure class=\"wp-block-table\"><table><thead><tr><th>Conjugaci\u00f3n de to be<\/th><th>Pronombre<\/th><\/tr><\/thead><tbody><tr><td>Am<\/td><td>I&#8230;?<\/td><\/tr><tr><td>Is<\/td><td>he\/she\/it&#8230;?<\/td><\/tr><tr><td>Are<\/td><td>you\/we\/they&#8230;?<\/td><\/tr><\/tbody><\/table><figcaption class=\"wp-element-caption\">En sus formas afirmativas y negativas, el verbo &#8220;to be&#8221; tiene una forma contraida que se considera m\u00e1s informal. Veamos c\u00f3mo contruirlas con las tablas debajo:<\/figcaption><\/figure>\n\n\n\n<p><strong>Tabla de Formas Contra\u00eddas (Afirmativa y Negativa):<\/strong><\/p>\n\n\n\n<figure class=\"wp-block-table\"><table><thead><tr><th>Pronombres<\/th><th>Forma Contra\u00edda (Afirmativa)<\/th><th>Forma Contra\u00edda (Negativa)<\/th><\/tr><\/thead><tbody><tr><td>I<\/td><td>I&#8217;m<\/td><td>I&#8217;m not<\/td><\/tr><tr><td>He\/She\/It<\/td><td>He&#8217;s<\/td><td>He&#8217;s not \/ He isn&#8217;t<\/td><\/tr><tr><td>You\/We\/They<\/td><td>You&#8217;re<\/td><td>You&#8217;re not \/ You aren&#8217;t<\/td><\/tr><\/tbody><\/table><\/figure>\n\n\n\n<p>Veamos unas oraciones de ejemplo con el verbo &#8220;to be&#8221; en forma afirmativa, negativa e interrogativa:<\/p>\n\n\n\n<p><strong>Forma Afirmativa:<\/strong><\/p>\n\n\n\n<p>I am a teacher. I&#8217;m a teacher. (Soy profesor\/a.)<\/p>\n\n\n\n<p>She is a student. She&#8217;s a strudent. (Ella es estudiante.)<\/p>\n\n\n\n<p>They are in Argentina. They&#8217;re in Argentina. (Ellos est\u00e1n en Argentina.)<\/p>\n\n\n\n<p><strong>Forma Negativa:<\/strong><\/p>\n\n\n\n<p>I am not at home. I&#8217;m not at home. (No estoy en casa.)<\/p>\n\n\n\n<p>He is not OK. He&#8217;s not OK. He isn&#8217;t OK. (\u00c9l no est\u00e1 bien.)<\/p>\n\n\n\n<p>We are not students. We&#8217;re not students. We aren&#8217;t students. (Nosotros no somos estudiantes.)<\/p>\n\n\n\n<p><strong>Forma Interrogativa:<\/strong><\/p>\n\n\n\n<p>Am I in the right class? (\u00bfEstoy en la clase correcta?)<\/p>\n\n\n\n<p>Is it a rat? (\u00bfEs una rata?)<\/p>\n\n\n\n<p>Are you OK? (\u00bfEst\u00e1s bien?)<\/p>\n\n\n\n<div class=\"wp-block-uagb-advanced-heading uagb-block-fd6c9379\"><h2 class=\"uagb-heading-text\">Ejercicio de Pr\u00e1ctica<\/h2><\/div>\n\n\n<p><iframe src=\"https:\/\/academia.perfectenglish.in\/wp-admin\/admin-ajax.php?action=h5p_embed&#038;id=10\" width=\"958\" height=\"700\" frameborder=\"0\" allowfullscreen=\"allowfullscreen\" title=\"Verb to be\"><\/iframe><script src=\"https:\/\/academia.perfectenglish.in\/wp-content\/plugins\/h5p\/h5p-php-library\/js\/h5p-resizer.js\" charset=\"UTF-8\"><\/script><\/p>\n","protected":false},"excerpt":{"rendered":"<p>Verbo To Be (Ser\/Estar) El verbo &#8220;to be&#8221; es uno de los verbos m\u00e1s importantes en ingl\u00e9s, ya que tiene m\u00faltiples usos. En espa\u00f1ol, &#8220;to be&#8221; puede traducirse como &#8220;ser&#8221; o &#8220;estar&#8221;, dependiendo del contexto en el que se utilice. Adem\u00e1s, el verbo &#8220;to be&#8221; tiene tres conjugaciones principales en presente simple: am, is y &hellip;<\/p>\n<p class=\"read-more\"> <a class=\"\" href=\"https:\/\/academia.perfectenglish.in\/index.php\/verb-to-be\/\"> <span class=\"screen-reader-text\">Verb to be<\/span> Leer m\u00e1s &raquo;<\/a><\/p>\n","protected":false},"author":1,"featured_media":0,"parent":0,"menu_order":0,"comment_status":"closed","ping_status":"closed","template":"","meta":{"_uag_custom_page_level_css":"","site-sidebar-layout":"default","site-content-layout":"","ast-site-content-layout":"default","site-content-style":"default","site-sidebar-style":"default","ast-global-header-display":"","ast-banner-title-visibility":"","ast-main-header-display":"","ast-hfb-above-header-display":"","ast-hfb-below-header-display":"","ast-hfb-mobile-header-display":"","site-post-title":"disabled","ast-breadcrumbs-content":"","ast-featured-img":"","footer-sml-layout":"","theme-transparent-header-meta":"","adv-header-id-meta":"","stick-header-meta":"","header-above-stick-meta":"","header-main-stick-meta":"","header-below-stick-meta":"","astra-migrate-meta-layouts":"set","ast-page-background-enabled":"default","ast-page-background-meta":{"desktop":{"background-color":"var(--ast-global-color-4)","background-image":"","background-repeat":"repeat","background-position":"center center","background-size":"auto","background-attachment":"scroll","background-type":"","background-media":"","overlay-type":"","overlay-color":"","overlay-gradient":""},"tablet":{"background-color":"","background-image":"","background-repeat":"repeat","background-position":"center center","background-size":"auto","background-attachment":"scroll","background-type":"","background-media":"","overlay-type":"","overlay-color":"","overlay-gradient":""},"mobile":{"background-color":"","background-image":"","background-repeat":"repeat","background-position":"center center","background-size":"auto","background-attachment":"scroll","background-type":"","background-media":"","overlay-type":"","overlay-color":"","overlay-gradient":""}},"ast-content-background-meta":{"desktop":{"background-color":"var(--ast-global-color-5)","background-image":"","background-repeat":"repeat","background-position":"center center","background-size":"auto","background-attachment":"scroll","background-type":"","background-media":"","overlay-type":"","overlay-color":"","overlay-gradient":""},"tablet":{"background-color":"var(--ast-global-color-5)","background-image":"","background-repeat":"repeat","background-position":"center center","background-size":"auto","background-attachment":"scroll","background-type":"","background-media":"","overlay-type":"","overlay-color":"","overlay-gradient":""},"mobile":{"background-color":"var(--ast-global-color-5)","background-image":"","background-repeat":"repeat","background-position":"center center","background-size":"auto","background-attachment":"scroll","background-type":"","background-media":"","overlay-type":"","overlay-color":"","overlay-gradient":""}},"footnotes":"","_glsr_average":0,"_glsr_ranking":0,"_glsr_reviews":0},"uagb_featured_image_src":{"full":false,"thumbnail":false,"medium":false,"medium_large":false,"large":false,"1536x1536":false,"2048x2048":false},"uagb_author_info":{"display_name":"javier_riveros","author_link":"https:\/\/academia.perfectenglish.in\/index.php\/author\/javier_riveros\/"},"uagb_comment_info":0,"uagb_excerpt":"Verbo To Be (Ser\/Estar) El verbo &#8220;to be&#8221; es uno de los verbos m\u00e1s importantes en ingl\u00e9s, ya que tiene m\u00faltiples usos. En espa\u00f1ol, &#8220;to be&#8221; puede traducirse como &#8220;ser&#8221; o &#8220;estar&#8221;, dependiendo del contexto en el que se utilice. Adem\u00e1s, el verbo &#8220;to be&#8221; tiene tres conjugaciones principales en presente simple: am, is y&hellip;","_links":{"self":[{"href":"https:\/\/academia.perfectenglish.in\/index.php\/wp-json\/wp\/v2\/pages\/1893"}],"collection":[{"href":"https:\/\/academia.perfectenglish.in\/index.php\/wp-json\/wp\/v2\/pages"}],"about":[{"href":"https:\/\/academia.perfectenglish.in\/index.php\/wp-json\/wp\/v2\/types\/page"}],"author":[{"embeddable":true,"href":"https:\/\/academia.perfectenglish.in\/index.php\/wp-json\/wp\/v2\/users\/1"}],"replies":[{"embeddable":true,"href":"https:\/\/academia.perfectenglish.in\/index.php\/wp-json\/wp\/v2\/comments?post=1893"}],"version-history":[{"count":4,"href":"https:\/\/academia.perfectenglish.in\/index.php\/wp-json\/wp\/v2\/pages\/1893\/revisions"}],"predecessor-version":[{"id":1898,"href":"https:\/\/academia.perfectenglish.in\/index.php\/wp-json\/wp\/v2\/pages\/1893\/revisions\/1898"}],"wp:attachment":[{"href":"https:\/\/academia.perfectenglish.in\/index.php\/wp-json\/wp\/v2\/media?parent=1893"}],"curies":[{"name":"wp","href":"https:\/\/api.w.org\/{rel}","templated":true}]}}