{"id":1903,"date":"2024-03-08T21:01:46","date_gmt":"2024-03-09T04:31:46","guid":{"rendered":"https:\/\/academia.perfectenglish.in\/?page_id=1903"},"modified":"2024-03-08T21:01:46","modified_gmt":"2024-03-09T04:31:46","slug":"present-continuous","status":"publish","type":"page","link":"https:\/\/academia.perfectenglish.in\/index.php\/present-continuous\/","title":{"rendered":"Present Continuous"},"content":{"rendered":"\n<div class=\"wp-block-group alignfull has-background-color has-white-color has-text-color has-background has-link-color wp-elements-b49a9cb68eb9b0fc7e9a5c2184011144 is-layout-constrained wp-block-group-is-layout-constrained\" style=\"background-color:#16072e;padding-top:var(--wp--preset--spacing--30);padding-right:var(--wp--preset--spacing--30);padding-bottom:var(--wp--preset--spacing--30);padding-left:var(--wp--preset--spacing--30)\">\n<div class=\"wp-block-group alignwide is-content-justification-space-between is-layout-flex wp-container-core-group-layout-2 wp-block-group-is-layout-flex\">\n<div class=\"wp-block-group is-layout-flex wp-block-group-is-layout-flex\"><div class=\"is-default-size wp-block-site-logo\"><a href=\"https:\/\/academia.perfectenglish.in\/\" class=\"custom-logo-link\" rel=\"home\"><img fetchpriority=\"high\" decoding=\"async\" width=\"1694\" height=\"1698\" src=\"https:\/\/academia.perfectenglish.in\/wp-content\/uploads\/2023\/12\/cropped-cropped-cropped-cropped-Logo-blanco-con-circulo-transparente-1-1-154x154.png\" class=\"custom-logo\" alt=\"\" srcset=\"https:\/\/academia.perfectenglish.in\/wp-content\/uploads\/2023\/12\/cropped-cropped-cropped-cropped-Logo-blanco-con-circulo-transparente-1-1.png 1694w, https:\/\/academia.perfectenglish.in\/wp-content\/uploads\/2023\/12\/cropped-cropped-cropped-cropped-Logo-blanco-con-circulo-transparente-1-1-300x300.png 300w, https:\/\/academia.perfectenglish.in\/wp-content\/uploads\/2023\/12\/cropped-cropped-cropped-cropped-Logo-blanco-con-circulo-transparente-1-1-1022x1024.png 1022w, https:\/\/academia.perfectenglish.in\/wp-content\/uploads\/2023\/12\/cropped-cropped-cropped-cropped-Logo-blanco-con-circulo-transparente-1-1-150x150.png 150w, https:\/\/academia.perfectenglish.in\/wp-content\/uploads\/2023\/12\/cropped-cropped-cropped-cropped-Logo-blanco-con-circulo-transparente-1-1-768x770.png 768w, https:\/\/academia.perfectenglish.in\/wp-content\/uploads\/2023\/12\/cropped-cropped-cropped-cropped-Logo-blanco-con-circulo-transparente-1-1-1532x1536.png 1532w, https:\/\/academia.perfectenglish.in\/wp-content\/uploads\/2023\/12\/cropped-cropped-cropped-cropped-Logo-blanco-con-circulo-transparente-1-1-154x154.png 154w\" sizes=\"(max-width: 1694px) 100vw, 1694px\" \/><\/a><\/div><\/div>\n\n\n<nav class=\"is-responsive items-justified-right wp-block-navigation is-content-justification-right is-layout-flex wp-container-core-navigation-layout-1 wp-block-navigation-is-layout-flex\" aria-label=\"Navigation\" \n\t\t\tdata-wp-interactive\n\t\t\tdata-wp-context='{\"core\":{\"navigation\":{\"overlayOpenedBy\":[],\"type\":\"overlay\",\"roleAttribute\":\"\",\"ariaLabel\":\"Men\\u00fa\"}}}'\n\t\t><button aria-haspopup=\"true\" aria-label=\"Abrir el men\u00fa\" class=\"wp-block-navigation__responsive-container-open \" \n\t\t\tdata-wp-on--click=\"actions.core.navigation.openMenuOnClick\"\n\t\t\tdata-wp-on--keydown=\"actions.core.navigation.handleMenuKeydown\"\n\t\t><svg width=\"24\" height=\"24\" xmlns=\"http:\/\/www.w3.org\/2000\/svg\" viewBox=\"0 0 24 24\" aria-hidden=\"true\" focusable=\"false\"><rect x=\"4\" y=\"7.5\" width=\"16\" height=\"1.5\" \/><rect x=\"4\" y=\"15\" width=\"16\" height=\"1.5\" \/><\/svg><\/button>\n\t\t\t<div class=\"wp-block-navigation__responsive-container  \" style=\"\" id=\"modal-1\" \n\t\t\tdata-wp-class--has-modal-open=\"selectors.core.navigation.isMenuOpen\"\n\t\t\tdata-wp-class--is-menu-open=\"selectors.core.navigation.isMenuOpen\"\n\t\t\tdata-wp-effect=\"effects.core.navigation.initMenu\"\n\t\t\tdata-wp-on--keydown=\"actions.core.navigation.handleMenuKeydown\"\n\t\t\tdata-wp-on--focusout=\"actions.core.navigation.handleMenuFocusout\"\n\t\t\ttabindex=\"-1\"\n\t\t>\n\t\t\t\t<div class=\"wp-block-navigation__responsive-close\" tabindex=\"-1\">\n\t\t\t\t\t<div class=\"wp-block-navigation__responsive-dialog\" \n\t\t\tdata-wp-bind--aria-modal=\"selectors.core.navigation.ariaModal\"\n\t\t\tdata-wp-bind--aria-label=\"selectors.core.navigation.ariaLabel\"\n\t\t\tdata-wp-bind--role=\"selectors.core.navigation.roleAttribute\"\n\t\t\tdata-wp-effect=\"effects.core.navigation.focusFirstElement\"\n\t\t>\n\t\t\t\t\t\t\t<button aria-label=\"Cerrar el men\u00fa\" class=\"wp-block-navigation__responsive-container-close\" \n\t\t\tdata-wp-on--click=\"actions.core.navigation.closeMenuOnClick\"\n\t\t><svg xmlns=\"http:\/\/www.w3.org\/2000\/svg\" viewBox=\"0 0 24 24\" width=\"24\" height=\"24\" aria-hidden=\"true\" focusable=\"false\"><path d=\"M13 11.8l6.1-6.3-1-1-6.1 6.2-6.1-6.2-1 1 6.1 6.3-6.5 6.7 1 1 6.5-6.6 6.5 6.6 1-1z\"><\/path><\/svg><\/button>\n\t\t\t\t\t\t<div class=\"wp-block-navigation__responsive-container-content\" id=\"modal-1-content\">\n\t\t\t\t\t\t\t<ul class=\"wp-block-navigation__container is-responsive items-justified-right wp-block-navigation\"><li class=\" wp-block-navigation-item wp-block-navigation-link\"><a class=\"wp-block-navigation-item__content\"  href=\"https:\/\/academia.perfectenglish.in\/\"><span class=\"wp-block-navigation-item__label\"><strong>Inicio<\/strong><\/span><\/a><\/li><li class=\" wp-block-navigation-item wp-block-navigation-link\"><a class=\"wp-block-navigation-item__content\"  href=\"https:\/\/academia.perfectenglish.in\/index.php\/actividades-2\/\"><span class=\"wp-block-navigation-item__label\"><strong>Actividades<\/strong><\/span><\/a><\/li><li class=\" wp-block-navigation-item wp-block-navigation-link\"><a class=\"wp-block-navigation-item__content\"  href=\"https:\/\/academia.perfectenglish.in\/index.php\/test-de-nivel\/\"><span class=\"wp-block-navigation-item__label\"><strong>Test de Nivel<\/strong><\/span><\/a><\/li><\/ul>\n\t\t\t\t\t\t<\/div>\n\t\t\t\t\t<\/div>\n\t\t\t\t<\/div>\n\t\t\t<\/div><\/nav><\/div>\n<\/div>\n\n\n\n<div class=\"wp-block-uagb-advanced-heading uagb-block-98cbfd40\"><h2 class=\"uagb-heading-text\">El Presente Continuo en Ingl\u00e9s (-ing)<\/h2><\/div>\n\n\n\n<p><strong>Explorando el Presente Continuo: Una Gu\u00eda Pr\u00e1ctica<\/strong><\/p>\n\n\n\n<p>En el d\u00eda de hoy, vamos a sumergirnos en el mundo del presente continuo. Este tiempo verbal es diferente al presente simple, del cual ya hemos hablado antes. Si no est\u00e1s familiarizado con el presente simple, aseg\u00farate de revisar nuestra secci\u00f3n al respecto.<\/p>\n\n\n\n<figure class=\"wp-block-embed is-type-video is-provider-youtube wp-block-embed-youtube wp-embed-aspect-16-9 wp-has-aspect-ratio\"><div class=\"wp-block-embed__wrapper\">\n<div class=\"ast-oembed-container \" style=\"height: 100%;\"><iframe title=\"INGL\u00c9S B\u00c1SICO - PRESENTE CONTINUO\" width=\"500\" height=\"281\" src=\"https:\/\/www.youtube.com\/embed\/X_jNzFNh3KE?feature=oembed\" frameborder=\"0\" allow=\"accelerometer; autoplay; clipboard-write; encrypted-media; gyroscope; picture-in-picture; web-share\" allowfullscreen><\/iframe><\/div>\n<\/div><\/figure>\n\n\n\n<h3 class=\"wp-block-heading\">Usos del Presente Continuo<\/h3>\n\n\n\n<ol>\n<li><strong>Acciones en Curso:<\/strong> Utilizamos el presente continuo para acciones que est\u00e1n ocurriendo en este preciso momento. Por ejemplo, si alguien pregunta qu\u00e9 estamos haciendo ahora mismo, podr\u00edamos responder &#8220;I am teaching you English.&#8221; (Estoy ense\u00f1\u00e1ndote ingl\u00e9s).<\/li>\n\n\n\n<li><strong>Acciones en Progreso:<\/strong> Tambi\u00e9n lo usamos para acciones que est\u00e1n en progreso, pero no necesariamente en este momento exacto. Por ejemplo, si comenzamos a mirar una serie pero a\u00fan no la hemos terminado, podemos decir &#8220;I am watching a series.&#8221; (Estoy mirando una serie).<\/li>\n\n\n\n<li><strong>Situaciones Temporales:<\/strong> A diferencia del presente simple, que se usa para situaciones permanentes, el presente continuo se usa para situaciones temporales. Por ejemplo, si normalmente trabajamos todos los d\u00edas pero esta semana estamos de vacaciones, podr\u00edamos decir &#8220;I am not working this week.&#8221; (No estoy trabajando esta semana).<\/li>\n\n\n\n<li><strong>Compromisos y Planes:<\/strong> Finalmente, lo utilizamos para expresar compromisos y planes futuros. Por ejemplo, si vamos a encontrarnos con amigos esta noche, podr\u00edamos decir &#8220;I&#8217;m meeting my friends tonight.&#8221; (Me estoy encontrando con mis amigos esta noche).<\/li>\n<\/ol>\n\n\n\n<h3 class=\"wp-block-heading\">Estructura del Presente Continuo<\/h3>\n\n\n\n<p><\/p>\n\n\n\n<p><strong>Afirmativas:<\/strong><\/p>\n\n\n\n<figure class=\"wp-block-table\"><table><thead><tr><th>Sujeto<\/th><th>Verbo &#8220;to be&#8221;<\/th><th>Verbo Principal + &#8220;-ing&#8221;<\/th><\/tr><\/thead><tbody><tr><td>I<\/td><td>am<\/td><td>watching<\/td><\/tr><tr><td>He\/She\/It<\/td><td>is<\/td><td>playing<\/td><\/tr><tr><td>You\/We\/They<\/td><td>are<\/td><td>speaking<\/td><\/tr><\/tbody><\/table><\/figure>\n\n\n\n<p><strong>Negativas:<\/strong><\/p>\n\n\n\n<figure class=\"wp-block-table\"><table><thead><tr><th>Sujeto<\/th><th>Verbo &#8220;to be&#8221;<\/th><th>Verbo Principal + &#8220;-ing&#8221;<\/th><\/tr><\/thead><tbody><tr><td>I<\/td><td>am not<\/td><td>running<\/td><\/tr><tr><td>He\/She\/It<\/td><td>isn&#8217;t<\/td><td>watching<\/td><\/tr><tr><td>You\/We\/They<\/td><td>aren&#8217;t<\/td><td>playing<\/td><\/tr><\/tbody><\/table><\/figure>\n\n\n\n<p><strong>Preguntas:<\/strong><\/p>\n\n\n\n<figure class=\"wp-block-table\"><table><thead><tr><th>Verbo &#8220;to be&#8221;<\/th><th>Sujeto<\/th><th>Verbo Principal + &#8220;-ing&#8221;<\/th><\/tr><\/thead><tbody><tr><td>Am <\/td><td>I<\/td><td>watching TV?<\/td><\/tr><tr><td>Is <\/td><td>he\/she\/it<\/td><td>playing?<\/td><\/tr><tr><td>Are <\/td><td>you\/we\/they<\/td><td>speaking?<\/td><\/tr><\/tbody><\/table><\/figure>\n\n\n\n<h3 class=\"wp-block-heading\">Reglas Importantes<\/h3>\n\n\n\n<p>Al conjugar el verbo principal, hay algunas reglas a tener en cuenta:<\/p>\n\n\n\n<ol>\n<li>Si el verbo termina en &#8220;e&#8221;, se quita la &#8220;e&#8221; y se agrega &#8220;-ing&#8221;. Por ejemplo, make = making.<\/li>\n\n\n\n<li>Si el verbo termina en consonante-vocal-consonante, se duplica la \u00faltima consonante antes de agregar &#8220;-ing&#8221;. Por ejemplo, put = putting.<\/li>\n\n\n\n<li>Si el verbo termina en &#8220;ie&#8221;, se cambia la &#8220;ie&#8221; por &#8220;y&#8221; antes de agregar &#8220;-ing&#8221;. Por ejemplo, lie = lying.<\/li>\n<\/ol>\n\n\n\n<p><\/p>\n\n\n\n<p>\u00a1Esperamos que esta gu\u00eda te haya sido \u00fatil para comprender y utilizar el presente continuo en tus conversaciones en ingl\u00e9s!<\/p>\n\n\n\n<h3 class=\"wp-block-heading\">Ejercicio de pr\u00e1ctica<\/h3>\n\n\n<p><iframe src=\"https:\/\/academia.perfectenglish.in\/wp-admin\/admin-ajax.php?action=h5p_embed&#038;id=11\" width=\"958\" height=\"700\" frameborder=\"0\" allowfullscreen=\"allowfullscreen\" title=\"Present Continuous\"><\/iframe><script src=\"https:\/\/academia.perfectenglish.in\/wp-content\/plugins\/h5p\/h5p-php-library\/js\/h5p-resizer.js\" charset=\"UTF-8\"><\/script><\/p>\n","protected":false},"excerpt":{"rendered":"<p>El Presente Continuo en Ingl\u00e9s (-ing) Explorando el Presente Continuo: Una Gu\u00eda Pr\u00e1ctica En el d\u00eda de hoy, vamos a sumergirnos en el mundo del presente continuo. Este tiempo verbal es diferente al presente simple, del cual ya hemos hablado antes. Si no est\u00e1s familiarizado con el presente simple, aseg\u00farate de revisar nuestra secci\u00f3n al &hellip;<\/p>\n<p class=\"read-more\"> <a class=\"\" href=\"https:\/\/academia.perfectenglish.in\/index.php\/present-continuous\/\"> <span class=\"screen-reader-text\">Present Continuous<\/span> Leer m\u00e1s &raquo;<\/a><\/p>\n","protected":false},"author":1,"featured_media":0,"parent":0,"menu_order":0,"comment_status":"closed","ping_status":"closed","template":"","meta":{"_uag_custom_page_level_css":"","site-sidebar-layout":"default","site-content-layout":"","ast-site-content-layout":"default","site-content-style":"default","site-sidebar-style":"default","ast-global-header-display":"","ast-banner-title-visibility":"","ast-main-header-display":"","ast-hfb-above-header-display":"","ast-hfb-below-header-display":"","ast-hfb-mobile-header-display":"","site-post-title":"disabled","ast-breadcrumbs-content":"","ast-featured-img":"","footer-sml-layout":"","theme-transparent-header-meta":"","adv-header-id-meta":"","stick-header-meta":"","header-above-stick-meta":"","header-main-stick-meta":"","header-below-stick-meta":"","astra-migrate-meta-layouts":"set","ast-page-background-enabled":"default","ast-page-background-meta":{"desktop":{"background-color":"var(--ast-global-color-4)","background-image":"","background-repeat":"repeat","background-position":"center center","background-size":"auto","background-attachment":"scroll","background-type":"","background-media":"","overlay-type":"","overlay-color":"","overlay-gradient":""},"tablet":{"background-color":"","background-image":"","background-repeat":"repeat","background-position":"center center","background-size":"auto","background-attachment":"scroll","background-type":"","background-media":"","overlay-type":"","overlay-color":"","overlay-gradient":""},"mobile":{"background-color":"","background-image":"","background-repeat":"repeat","background-position":"center center","background-size":"auto","background-attachment":"scroll","background-type":"","background-media":"","overlay-type":"","overlay-color":"","overlay-gradient":""}},"ast-content-background-meta":{"desktop":{"background-color":"var(--ast-global-color-5)","background-image":"","background-repeat":"repeat","background-position":"center center","background-size":"auto","background-attachment":"scroll","background-type":"","background-media":"","overlay-type":"","overlay-color":"","overlay-gradient":""},"tablet":{"background-color":"var(--ast-global-color-5)","background-image":"","background-repeat":"repeat","background-position":"center center","background-size":"auto","background-attachment":"scroll","background-type":"","background-media":"","overlay-type":"","overlay-color":"","overlay-gradient":""},"mobile":{"background-color":"var(--ast-global-color-5)","background-image":"","background-repeat":"repeat","background-position":"center center","background-size":"auto","background-attachment":"scroll","background-type":"","background-media":"","overlay-type":"","overlay-color":"","overlay-gradient":""}},"footnotes":"","_glsr_average":0,"_glsr_ranking":0,"_glsr_reviews":0},"uagb_featured_image_src":{"full":false,"thumbnail":false,"medium":false,"medium_large":false,"large":false,"1536x1536":false,"2048x2048":false},"uagb_author_info":{"display_name":"javier_riveros","author_link":"https:\/\/academia.perfectenglish.in\/index.php\/author\/javier_riveros\/"},"uagb_comment_info":0,"uagb_excerpt":"El Presente Continuo en Ingl\u00e9s (-ing) Explorando el Presente Continuo: Una Gu\u00eda Pr\u00e1ctica En el d\u00eda de hoy, vamos a sumergirnos en el mundo del presente continuo. Este tiempo verbal es diferente al presente simple, del cual ya hemos hablado antes. Si no est\u00e1s familiarizado con el presente simple, aseg\u00farate de revisar nuestra secci\u00f3n al&hellip;","_links":{"self":[{"href":"https:\/\/academia.perfectenglish.in\/index.php\/wp-json\/wp\/v2\/pages\/1903"}],"collection":[{"href":"https:\/\/academia.perfectenglish.in\/index.php\/wp-json\/wp\/v2\/pages"}],"about":[{"href":"https:\/\/academia.perfectenglish.in\/index.php\/wp-json\/wp\/v2\/types\/page"}],"author":[{"embeddable":true,"href":"https:\/\/academia.perfectenglish.in\/index.php\/wp-json\/wp\/v2\/users\/1"}],"replies":[{"embeddable":true,"href":"https:\/\/academia.perfectenglish.in\/index.php\/wp-json\/wp\/v2\/comments?post=1903"}],"version-history":[{"count":1,"href":"https:\/\/academia.perfectenglish.in\/index.php\/wp-json\/wp\/v2\/pages\/1903\/revisions"}],"predecessor-version":[{"id":1906,"href":"https:\/\/academia.perfectenglish.in\/index.php\/wp-json\/wp\/v2\/pages\/1903\/revisions\/1906"}],"wp:attachment":[{"href":"https:\/\/academia.perfectenglish.in\/index.php\/wp-json\/wp\/v2\/media?parent=1903"}],"curies":[{"name":"wp","href":"https:\/\/api.w.org\/{rel}","templated":true}]}}